{"id":1628,"date":"2023-06-09T12:42:48","date_gmt":"2023-06-09T12:42:48","guid":{"rendered":"https:\/\/lucrezia.qodeinteractive.com\/?page_id=1628"},"modified":"2025-11-25T08:34:50","modified_gmt":"2025-11-25T08:34:50","slug":"main-home","status":"publish","type":"page","link":"https:\/\/teresahernandezvega.com\/teresahernandezvega\/","title":{"rendered":"Main Home"},"content":{"rendered":"\t\t<div data-elementor-type=\"wp-page\" data-elementor-id=\"1628\" class=\"elementor elementor-1628\" data-elementor-post-type=\"page\">\n\t\t\t\t<div class=\"elementor-element elementor-element-376efee e-con-full e-flex e-con e-parent\" data-id=\"376efee\" data-element_type=\"container\" data-settings=\"{&quot;background_background&quot;:&quot;classic&quot;}\">\n\t\t<div class=\"elementor-element elementor-element-94842f7 e-con-full e-flex e-con e-child\" data-id=\"94842f7\" data-element_type=\"container\">\n\t\t\t\t<div class=\"elementor-element elementor-element-31a6f2f elementor-widget elementor-widget-heading\" data-id=\"31a6f2f\" data-element_type=\"widget\" data-widget_type=\"heading.default\">\n\t\t\t\t\t<h1 class=\"elementor-heading-title elementor-size-default\">Teresa<\/h1>\t\t\t\t<\/div>\n\t\t\t\t<div class=\"elementor-element elementor-element-7577cab elementor-widget elementor-widget-heading\" data-id=\"7577cab\" data-element_type=\"widget\" data-widget_type=\"heading.default\">\n\t\t\t\t\t<h1 class=\"elementor-heading-title elementor-size-default\">Hern\u00e1ndez<\/h1>\t\t\t\t<\/div>\n\t\t\t\t<div class=\"elementor-element elementor-element-daf08a8 elementor-widget elementor-widget-text-editor\" data-id=\"daf08a8\" data-element_type=\"widget\" data-widget_type=\"text-editor.default\">\n\t\t\t\t\t\t\t\t\t<p>Academia de Direcci\u00f3n de Orquesta<\/p>\t\t\t\t\t\t\t\t<\/div>\n\t\t\t\t<\/div>\n\t\t\t\t<\/div>\n\t\t<div class=\"elementor-element elementor-element-677012f e-con-full e-flex e-con e-parent\" data-id=\"677012f\" data-element_type=\"container\">\n\t\t\t\t<div class=\"elementor-element elementor-element-2c34013 elementor-widget__width-initial elementor-widget elementor-widget-text-editor\" data-id=\"2c34013\" data-element_type=\"widget\" data-widget_type=\"text-editor.default\">\n\t\t\t\t\t\t\t\t\t<p>Clases<br \/><em>magistrales<\/em><br \/><span class=\"small-online\">CON ORQUESTA<\/span><\/p>\t\t\t\t\t\t\t\t<\/div>\n\t\t\t\t<div class=\"elementor-element elementor-element-1b7b8b8 elementor-widget__width-initial elementor-widget-mobile__width-initial elementor-widget elementor-widget-text-editor\" data-id=\"1b7b8b8\" data-element_type=\"widget\" data-widget_type=\"text-editor.default\">\n\t\t\t\t\t\t\t\t\t<p>Mentor\u00eda<br \/><em>personalizada<\/em><br \/><span class=\"small-online\">ONLINE<\/span><\/p>\t\t\t\t\t\t\t\t<\/div>\n\t\t\t\t<\/div>\n\t\t<div class=\"elementor-element elementor-element-c453988 e-con-full e-flex e-con e-parent\" data-id=\"c453988\" data-element_type=\"container\">\n\t\t\t\t<div class=\"elementor-element elementor-element-3ded80e elementor-widget__width-initial elementor-widget elementor-widget-image\" data-id=\"3ded80e\" data-element_type=\"widget\" data-settings=\"{&quot;_animation&quot;:&quot;none&quot;}\" data-widget_type=\"image.default\">\n\t\t\t\t\t\t\t\t\t\t\t\t\t\t\t<img fetchpriority=\"high\" decoding=\"async\" width=\"600\" height=\"197\" src=\"https:\/\/teresahernandezvega.com\/teresahernandezvega\/wp-content\/uploads\/2025\/11\/Teresa-Hernandez-Vega-Conductor-stick.png\" class=\"attachment-full size-full wp-image-9286\" alt=\"\" srcset=\"https:\/\/teresahernandezvega.com\/teresahernandezvega\/wp-content\/uploads\/2025\/11\/Teresa-Hernandez-Vega-Conductor-stick.png 600w, https:\/\/teresahernandezvega.com\/teresahernandezvega\/wp-content\/uploads\/2025\/11\/Teresa-Hernandez-Vega-Conductor-stick-300x99.png 300w\" sizes=\"(max-width: 600px) 100vw, 600px\" \/>\t\t\t\t\t\t\t\t\t\t\t\t\t\t\t<\/div>\n\t\t\t\t<\/div>\n\t\t<div class=\"elementor-element elementor-element-a18b83c e-con-full e-flex e-con e-parent\" data-id=\"a18b83c\" data-element_type=\"container\">\n\t\t<div class=\"elementor-element elementor-element-e2cc944 e-con-full e-flex e-con e-child\" data-id=\"e2cc944\" data-element_type=\"container\">\n\t\t\t\t<div class=\"elementor-element elementor-element-977e23a elementor-widget elementor-widget-heading\" data-id=\"977e23a\" data-element_type=\"widget\" data-widget_type=\"heading.default\">\n\t\t\t\t\t<h1 class=\"elementor-heading-title elementor-size-default\">Academia<\/h1>\t\t\t\t<\/div>\n\t\t\t\t<div class=\"elementor-element elementor-element-18e3e8d elementor-widget elementor-widget-spacer\" data-id=\"18e3e8d\" data-element_type=\"widget\" data-widget_type=\"spacer.default\">\n\t\t\t\t\t\t\t<div class=\"elementor-spacer\">\n\t\t\t<div class=\"elementor-spacer-inner\"><\/div>\n\t\t<\/div>\n\t\t\t\t\t\t<\/div>\n\t\t\t\t<div class=\"elementor-element elementor-element-2ac28f7 elementor-widget-tablet__width-inherit elementor-widget elementor-widget-text-editor\" data-id=\"2ac28f7\" data-element_type=\"widget\" data-widget_type=\"text-editor.default\">\n\t\t\t\t\t\t\t\t\t<div><div><span lang=\"ES\">Espacio de formaci\u00f3n <\/span>para directores de orquesta que desean fortalecer y perfeccionar las capacidades necesarias para lograr un excelente desempe\u00f1o en el p\u00f3dium.<\/div><\/div><div>\u00a0<\/div><div>Los directores que forman parte de la Academia reciben un entrenamiento intensivo que les\u00a0permite ganar confianza en s\u00ed mismos y los capacita para realizar cursos de posgrado y participar en concursos.<\/div>\t\t\t\t\t\t\t\t<\/div>\n\t\t\t\t<div class=\"elementor-element elementor-element-1d3d21a elementor-widget elementor-widget-button\" data-id=\"1d3d21a\" data-element_type=\"widget\" data-widget_type=\"button.default\">\n\t\t\t\t\t\t\t\t\t\t<a class=\"elementor-button elementor-button-link elementor-size-sm\" href=\"https:\/\/teresahernandezvega.com\/teresahernandezvega\/index.php\/academia\/\">\n\t\t\t\t\t\t<span class=\"elementor-button-content-wrapper\">\n\t\t\t\t\t\t\t\t\t<span class=\"elementor-button-text\">CONOCE LA ACADEMIA<\/span>\n\t\t\t\t\t<\/span>\n\t\t\t\t\t<\/a>\n\t\t\t\t\t\t\t\t<\/div>\n\t\t\t\t<\/div>\n\t\t<div class=\"elementor-element elementor-element-b242d9d e-con-full e-flex e-con e-child\" data-id=\"b242d9d\" data-element_type=\"container\">\n\t\t<div class=\"elementor-element elementor-element-815eff8 e-con-full e-flex e-con e-child\" data-id=\"815eff8\" data-element_type=\"container\">\n\t\t\t\t<div class=\"elementor-element elementor-element-c95bd1a elementor-widget elementor-widget-heading\" data-id=\"c95bd1a\" data-element_type=\"widget\" data-widget_type=\"heading.default\">\n\t\t\t\t\t<h4 class=\"elementor-heading-title elementor-size-default\">\u00bfQui\u00e9nes pueden formarse en la academia? <\/h4>\t\t\t\t<\/div>\n\t\t\t\t<div class=\"elementor-element elementor-element-ebf72d1 elementor-position-left elementor-view-default elementor-widget elementor-widget-icon-box\" data-id=\"ebf72d1\" data-element_type=\"widget\" data-widget_type=\"icon-box.default\">\n\t\t\t\t\t\t\t<div class=\"elementor-icon-box-wrapper\">\n\n\t\t\t\t\t\t<div class=\"elementor-icon-box-icon\">\n\t\t\t\t<span  class=\"elementor-icon\">\n\t\t\t\t<svg xmlns=\"http:\/\/www.w3.org\/2000\/svg\" id=\"Layer_2\" viewBox=\"0 0 31.2 31.92\"><g id=\"Layer_1-2\"><path d=\"M5.69,26.25c-.68,0-1.52-.16-2.51-.47-.99-.31-1.81-.65-2.46-1.02-.65-.37-.86-.61-.64-.72l12.57-7.3.17-.08c.11,0,.24.08.38.25.14.17.18.28.13.34l-6.54,8.66c-.17.23-.54.34-1.1.34ZM1.11,7.99c0-.96.08-1.83.25-2.59.17-.76.34-1.06.51-.89l10.87,9.77c.17.06.2.21.08.47s-.23.35-.34.3l-10.36-3.48c-.68-.23-1.02-1.42-1.02-3.57ZM16.18,1.11c1.1-.51,2.22-.85,3.36-1.02,1.13-.17,1.64-.11,1.53.17l-5.86,13.25c-.06.17-.21.25-.47.25s-.38-.08-.38-.25l.17-10.87c0-.51.55-1.02,1.66-1.53ZM15.21,17.12c.23-.2.37-.24.43-.13l6.29,9c.28.4.13,1.13-.47,2.21-.59,1.08-1.3,2.02-2.12,2.84-.82.82-1.26,1.06-1.32.72l-3.06-14.18c-.06-.11.03-.27.25-.47ZM16.18,15.34c-.08-.25-.07-.41.04-.47l10.45-3.23c.51-.17,1.17.2,2,1.1.82.91,1.5,1.87,2.04,2.89.54,1.02.64,1.53.3,1.53l-14.53-1.44c-.11,0-.21-.13-.3-.38Z\"><\/path><\/g><\/svg>\t\t\t\t<\/span>\n\t\t\t<\/div>\n\t\t\t\n\t\t\t\t\t\t<div class=\"elementor-icon-box-content\">\n\n\t\t\t\t\t\t\t\t\t<h3 class=\"elementor-icon-box-title\">\n\t\t\t\t\t\t<span  >\n\t\t\t\t\t\t\tPerfiles\t\t\t\t\t\t<\/span>\n\t\t\t\t\t<\/h3>\n\t\t\t\t\n\t\t\t\t\t\t\t\t\t<p class=\"elementor-icon-box-description\">\n\t\t\t\t\t\tProfesionales que desean avanzar en su carrera, o estudiantes que quieren iniciarse en esta disciplina. \t\t\t\t\t<\/p>\n\t\t\t\t\n\t\t\t<\/div>\n\t\t\t\n\t\t<\/div>\n\t\t\t\t\t\t<\/div>\n\t\t\t\t<div class=\"elementor-element elementor-element-0e4b7e8 elementor-widget elementor-widget-heading\" data-id=\"0e4b7e8\" data-element_type=\"widget\" data-widget_type=\"heading.default\">\n\t\t\t\t\t<h4 class=\"elementor-heading-title elementor-size-default\">Valores de nuestros directores<\/h4>\t\t\t\t<\/div>\n\t\t\t\t<div class=\"elementor-element elementor-element-3946df5 elementor-position-left elementor-view-default elementor-widget elementor-widget-icon-box\" data-id=\"3946df5\" data-element_type=\"widget\" data-widget_type=\"icon-box.default\">\n\t\t\t\t\t\t\t<div class=\"elementor-icon-box-wrapper\">\n\n\t\t\t\t\t\t<div class=\"elementor-icon-box-icon\">\n\t\t\t\t<span  class=\"elementor-icon\">\n\t\t\t\t<svg xmlns=\"http:\/\/www.w3.org\/2000\/svg\" id=\"Layer_2\" viewBox=\"0 0 31.2 31.92\"><g id=\"Layer_1-2\"><path d=\"M5.69,26.25c-.68,0-1.52-.16-2.51-.47-.99-.31-1.81-.65-2.46-1.02-.65-.37-.86-.61-.64-.72l12.57-7.3.17-.08c.11,0,.24.08.38.25.14.17.18.28.13.34l-6.54,8.66c-.17.23-.54.34-1.1.34ZM1.11,7.99c0-.96.08-1.83.25-2.59.17-.76.34-1.06.51-.89l10.87,9.77c.17.06.2.21.08.47s-.23.35-.34.3l-10.36-3.48c-.68-.23-1.02-1.42-1.02-3.57ZM16.18,1.11c1.1-.51,2.22-.85,3.36-1.02,1.13-.17,1.64-.11,1.53.17l-5.86,13.25c-.06.17-.21.25-.47.25s-.38-.08-.38-.25l.17-10.87c0-.51.55-1.02,1.66-1.53ZM15.21,17.12c.23-.2.37-.24.43-.13l6.29,9c.28.4.13,1.13-.47,2.21-.59,1.08-1.3,2.02-2.12,2.84-.82.82-1.26,1.06-1.32.72l-3.06-14.18c-.06-.11.03-.27.25-.47ZM16.18,15.34c-.08-.25-.07-.41.04-.47l10.45-3.23c.51-.17,1.17.2,2,1.1.82.91,1.5,1.87,2.04,2.89.54,1.02.64,1.53.3,1.53l-14.53-1.44c-.11,0-.21-.13-.3-.38Z\"><\/path><\/g><\/svg>\t\t\t\t<\/span>\n\t\t\t<\/div>\n\t\t\t\n\t\t\t\t\t\t<div class=\"elementor-icon-box-content\">\n\n\t\t\t\t\t\t\t\t\t<h3 class=\"elementor-icon-box-title\">\n\t\t\t\t\t\t<span  >\n\t\t\t\t\t\t\tResponsabilidad\t\t\t\t\t\t<\/span>\n\t\t\t\t\t<\/h3>\n\t\t\t\t\n\t\t\t\t\t\t\t\t\t<p class=\"elementor-icon-box-description\">\n\t\t\t\t\t\tSer conscientes del impacto de nuestras acciones nos motiva a actuar con integridad y compromiso.\t\t\t\t\t<\/p>\n\t\t\t\t\n\t\t\t<\/div>\n\t\t\t\n\t\t<\/div>\n\t\t\t\t\t\t<\/div>\n\t\t\t\t<div class=\"elementor-element elementor-element-59c9c5f elementor-position-left elementor-view-default elementor-widget elementor-widget-icon-box\" data-id=\"59c9c5f\" data-element_type=\"widget\" data-widget_type=\"icon-box.default\">\n\t\t\t\t\t\t\t<div class=\"elementor-icon-box-wrapper\">\n\n\t\t\t\t\t\t<div class=\"elementor-icon-box-icon\">\n\t\t\t\t<span  class=\"elementor-icon\">\n\t\t\t\t<svg xmlns=\"http:\/\/www.w3.org\/2000\/svg\" id=\"Layer_2\" viewBox=\"0 0 31.2 31.92\"><g id=\"Layer_1-2\"><path d=\"M5.69,26.25c-.68,0-1.52-.16-2.51-.47-.99-.31-1.81-.65-2.46-1.02-.65-.37-.86-.61-.64-.72l12.57-7.3.17-.08c.11,0,.24.08.38.25.14.17.18.28.13.34l-6.54,8.66c-.17.23-.54.34-1.1.34ZM1.11,7.99c0-.96.08-1.83.25-2.59.17-.76.34-1.06.51-.89l10.87,9.77c.17.06.2.21.08.47s-.23.35-.34.3l-10.36-3.48c-.68-.23-1.02-1.42-1.02-3.57ZM16.18,1.11c1.1-.51,2.22-.85,3.36-1.02,1.13-.17,1.64-.11,1.53.17l-5.86,13.25c-.06.17-.21.25-.47.25s-.38-.08-.38-.25l.17-10.87c0-.51.55-1.02,1.66-1.53ZM15.21,17.12c.23-.2.37-.24.43-.13l6.29,9c.28.4.13,1.13-.47,2.21-.59,1.08-1.3,2.02-2.12,2.84-.82.82-1.26,1.06-1.32.72l-3.06-14.18c-.06-.11.03-.27.25-.47ZM16.18,15.34c-.08-.25-.07-.41.04-.47l10.45-3.23c.51-.17,1.17.2,2,1.1.82.91,1.5,1.87,2.04,2.89.54,1.02.64,1.53.3,1.53l-14.53-1.44c-.11,0-.21-.13-.3-.38Z\"><\/path><\/g><\/svg>\t\t\t\t<\/span>\n\t\t\t<\/div>\n\t\t\t\n\t\t\t\t\t\t<div class=\"elementor-icon-box-content\">\n\n\t\t\t\t\t\t\t\t\t<h3 class=\"elementor-icon-box-title\">\n\t\t\t\t\t\t<span  >\n\t\t\t\t\t\t\tEmpat\u00eda\t\t\t\t\t\t<\/span>\n\t\t\t\t\t<\/h3>\n\t\t\t\t\n\t\t\t\t\t\t\t\t\t<p class=\"elementor-icon-box-description\">\n\t\t\t\t\t\tComprender y valorar las experiencias de los dem\u00e1s fomenta la colaboraci\u00f3n y la contribuci\u00f3n positiva.\t\t\t\t\t<\/p>\n\t\t\t\t\n\t\t\t<\/div>\n\t\t\t\n\t\t<\/div>\n\t\t\t\t\t\t<\/div>\n\t\t\t\t<div class=\"elementor-element elementor-element-c96f98f elementor-position-left elementor-view-default elementor-widget elementor-widget-icon-box\" data-id=\"c96f98f\" data-element_type=\"widget\" data-widget_type=\"icon-box.default\">\n\t\t\t\t\t\t\t<div class=\"elementor-icon-box-wrapper\">\n\n\t\t\t\t\t\t<div class=\"elementor-icon-box-icon\">\n\t\t\t\t<span  class=\"elementor-icon\">\n\t\t\t\t<svg xmlns=\"http:\/\/www.w3.org\/2000\/svg\" id=\"Layer_2\" viewBox=\"0 0 31.2 31.92\"><g id=\"Layer_1-2\"><path d=\"M5.69,26.25c-.68,0-1.52-.16-2.51-.47-.99-.31-1.81-.65-2.46-1.02-.65-.37-.86-.61-.64-.72l12.57-7.3.17-.08c.11,0,.24.08.38.25.14.17.18.28.13.34l-6.54,8.66c-.17.23-.54.34-1.1.34ZM1.11,7.99c0-.96.08-1.83.25-2.59.17-.76.34-1.06.51-.89l10.87,9.77c.17.06.2.21.08.47s-.23.35-.34.3l-10.36-3.48c-.68-.23-1.02-1.42-1.02-3.57ZM16.18,1.11c1.1-.51,2.22-.85,3.36-1.02,1.13-.17,1.64-.11,1.53.17l-5.86,13.25c-.06.17-.21.25-.47.25s-.38-.08-.38-.25l.17-10.87c0-.51.55-1.02,1.66-1.53ZM15.21,17.12c.23-.2.37-.24.43-.13l6.29,9c.28.4.13,1.13-.47,2.21-.59,1.08-1.3,2.02-2.12,2.84-.82.82-1.26,1.06-1.32.72l-3.06-14.18c-.06-.11.03-.27.25-.47ZM16.18,15.34c-.08-.25-.07-.41.04-.47l10.45-3.23c.51-.17,1.17.2,2,1.1.82.91,1.5,1.87,2.04,2.89.54,1.02.64,1.53.3,1.53l-14.53-1.44c-.11,0-.21-.13-.3-.38Z\"><\/path><\/g><\/svg>\t\t\t\t<\/span>\n\t\t\t<\/div>\n\t\t\t\n\t\t\t\t\t\t<div class=\"elementor-icon-box-content\">\n\n\t\t\t\t\t\t\t\t\t<h3 class=\"elementor-icon-box-title\">\n\t\t\t\t\t\t<span  >\n\t\t\t\t\t\t\tAutenticidad\t\t\t\t\t\t<\/span>\n\t\t\t\t\t<\/h3>\n\t\t\t\t\n\t\t\t\t\t\t\t\t\t<p class=\"elementor-icon-box-description\">\n\t\t\t\t\t\tLa autenticidad estimula la creatividad y la expresi\u00f3n personal, llevando a logros notables.\t\t\t\t\t<\/p>\n\t\t\t\t\n\t\t\t<\/div>\n\t\t\t\n\t\t<\/div>\n\t\t\t\t\t\t<\/div>\n\t\t\t\t<\/div>\n\t\t\t\t<\/div>\n\t\t\t\t<\/div>\n\t\t<div class=\"elementor-element elementor-element-ea9d3a5 e-con-full e-flex e-con e-parent\" data-id=\"ea9d3a5\" data-element_type=\"container\" data-settings=\"{&quot;background_background&quot;:&quot;gradient&quot;}\">\n\t\t<div class=\"elementor-element elementor-element-56f5313 e-con-full e-flex e-con e-child\" data-id=\"56f5313\" data-element_type=\"container\">\n\t\t\t\t<div class=\"elementor-element elementor-element-02995c8 elementor-widget__width-initial elementor-widget-mobile__width-initial elementor-widget-tablet__width-initial elementor-widget elementor-widget-text-editor\" data-id=\"02995c8\" data-element_type=\"widget\" data-widget_type=\"text-editor.default\">\n\t\t\t\t\t\t\t\t\t<p><em>\u00bfPor qu\u00e9<\/em><br \/>con nosotros?<\/p>\t\t\t\t\t\t\t\t<\/div>\n\t\t\t\t<\/div>\n\t\t<div class=\"elementor-element elementor-element-c9f4aa0 e-con-full e-flex e-con e-child\" data-id=\"c9f4aa0\" data-element_type=\"container\">\n\t\t<div class=\"elementor-element elementor-element-96cd714 e-con-full e-flex e-con e-child\" data-id=\"96cd714\" data-element_type=\"container\">\n\t\t\t\t<div class=\"elementor-element elementor-element-bc7affd elementor-widget-tablet__width-inherit elementor-widget elementor-widget-text-editor\" data-id=\"bc7affd\" data-element_type=\"widget\" data-widget_type=\"text-editor.default\">\n\t\t\t\t\t\t\t\t\t<p>\u00a1Hemos preparado a varios de los m\u00e1s brillantes nuevos directores!<\/p>\t\t\t\t\t\t\t\t<\/div>\n\t\t\t\t<div class=\"elementor-element elementor-element-74bed05 elementor-widget elementor-widget-button\" data-id=\"74bed05\" data-element_type=\"widget\" data-widget_type=\"button.default\">\n\t\t\t\t\t\t\t\t\t\t<a class=\"elementor-button elementor-button-link elementor-size-sm\" href=\"https:\/\/teresahernandezvega.com\/teresahernandezvega\/index.php\/contacto\/\">\n\t\t\t\t\t\t<span class=\"elementor-button-content-wrapper\">\n\t\t\t\t\t\t\t\t\t<span class=\"elementor-button-text\">CONT\u00c1CTANOS<\/span>\n\t\t\t\t\t<\/span>\n\t\t\t\t\t<\/a>\n\t\t\t\t\t\t\t\t<\/div>\n\t\t\t\t<\/div>\n\t\t\t\t<\/div>\n\t\t\t\t<\/div>\n\t\t<div class=\"elementor-element elementor-element-4a0f52d e-con-full alumnos e-flex e-con e-parent\" data-id=\"4a0f52d\" data-element_type=\"container\">\n\t\t<div class=\"elementor-element elementor-element-e687d1a e-con-full e-flex e-con e-child\" data-id=\"e687d1a\" data-element_type=\"container\">\n\t\t<div class=\"elementor-element elementor-element-588a9cc e-con-full e-flex e-con e-child\" data-id=\"588a9cc\" data-element_type=\"container\" data-settings=\"{&quot;background_background&quot;:&quot;classic&quot;}\">\n\t\t\t\t<\/div>\n\t\t\t\t<div class=\"elementor-element elementor-element-cb169e6 elementor-widget__width-initial elementor-widget elementor-widget-spacer\" data-id=\"cb169e6\" data-element_type=\"widget\" data-widget_type=\"spacer.default\">\n\t\t\t\t\t\t\t<div class=\"elementor-spacer\">\n\t\t\t<div class=\"elementor-spacer-inner\"><\/div>\n\t\t<\/div>\n\t\t\t\t\t\t<\/div>\n\t\t\t\t<div class=\"elementor-element elementor-element-661eb9a elementor-widget__width-initial elementor-widget-mobile__width-initial elementor-widget elementor-widget-text-editor\" data-id=\"661eb9a\" data-element_type=\"widget\" data-widget_type=\"text-editor.default\">\n\t\t\t\t\t\t\t\t\t<p>Gonzalo<br \/><em>Hidalgo<\/em><\/p>\t\t\t\t\t\t\t\t<\/div>\n\t\t\t\t<\/div>\n\t\t<div class=\"elementor-element elementor-element-769f1f7 e-con-full e-flex e-con e-child\" data-id=\"769f1f7\" data-element_type=\"container\">\n\t\t<div class=\"elementor-element elementor-element-f502d27 e-con-full e-flex e-con e-child\" data-id=\"f502d27\" data-element_type=\"container\" data-settings=\"{&quot;background_background&quot;:&quot;classic&quot;}\">\n\t\t\t\t<\/div>\n\t\t\t\t<div class=\"elementor-element elementor-element-c8ff9c5 elementor-widget__width-initial elementor-widget elementor-widget-spacer\" data-id=\"c8ff9c5\" data-element_type=\"widget\" data-widget_type=\"spacer.default\">\n\t\t\t\t\t\t\t<div class=\"elementor-spacer\">\n\t\t\t<div class=\"elementor-spacer-inner\"><\/div>\n\t\t<\/div>\n\t\t\t\t\t\t<\/div>\n\t\t\t\t<div class=\"elementor-element elementor-element-edbca41 elementor-widget__width-initial elementor-widget-mobile__width-initial elementor-widget elementor-widget-text-editor\" data-id=\"edbca41\" data-element_type=\"widget\" data-widget_type=\"text-editor.default\">\n\t\t\t\t\t\t\t\t\t<p>Enluis<br \/><em>Montes Olivar<\/em><\/p>\t\t\t\t\t\t\t\t<\/div>\n\t\t\t\t<\/div>\n\t\t<div class=\"elementor-element elementor-element-12238c7 e-con-full e-flex e-con e-child\" data-id=\"12238c7\" data-element_type=\"container\">\n\t\t<div class=\"elementor-element elementor-element-f067ef8 e-con-full e-flex e-con e-child\" data-id=\"f067ef8\" data-element_type=\"container\" data-settings=\"{&quot;background_background&quot;:&quot;classic&quot;}\">\n\t\t\t\t<\/div>\n\t\t\t\t<div class=\"elementor-element elementor-element-23d252a elementor-widget__width-initial elementor-widget elementor-widget-spacer\" data-id=\"23d252a\" data-element_type=\"widget\" data-widget_type=\"spacer.default\">\n\t\t\t\t\t\t\t<div class=\"elementor-spacer\">\n\t\t\t<div class=\"elementor-spacer-inner\"><\/div>\n\t\t<\/div>\n\t\t\t\t\t\t<\/div>\n\t\t\t\t<div class=\"elementor-element elementor-element-acb169d elementor-widget__width-initial elementor-widget-mobile__width-initial elementor-widget elementor-widget-text-editor\" data-id=\"acb169d\" data-element_type=\"widget\" data-widget_type=\"text-editor.default\">\n\t\t\t\t\t\t\t\t\t<p>Carolina<br \/><em>Guzm\u00e1n-Rinc\u00f3n<\/em><\/p>\t\t\t\t\t\t\t\t<\/div>\n\t\t\t\t<\/div>\n\t\t<div class=\"elementor-element elementor-element-a427676 e-con-full e-flex e-con e-child\" data-id=\"a427676\" data-element_type=\"container\">\n\t\t<div class=\"elementor-element elementor-element-3c56529 e-con-full e-flex e-con e-child\" data-id=\"3c56529\" data-element_type=\"container\" data-settings=\"{&quot;background_background&quot;:&quot;classic&quot;}\">\n\t\t\t\t<\/div>\n\t\t\t\t<div class=\"elementor-element elementor-element-5c7bfc7 elementor-widget__width-initial elementor-widget elementor-widget-spacer\" data-id=\"5c7bfc7\" data-element_type=\"widget\" data-widget_type=\"spacer.default\">\n\t\t\t\t\t\t\t<div class=\"elementor-spacer\">\n\t\t\t<div class=\"elementor-spacer-inner\"><\/div>\n\t\t<\/div>\n\t\t\t\t\t\t<\/div>\n\t\t\t\t<div class=\"elementor-element elementor-element-50735c3 elementor-widget__width-initial elementor-widget-mobile__width-initial elementor-widget elementor-widget-text-editor\" data-id=\"50735c3\" data-element_type=\"widget\" data-widget_type=\"text-editor.default\">\n\t\t\t\t\t\t\t\t\t<p>Glass<br \/><em>Marcano<\/em><\/p>\t\t\t\t\t\t\t\t<\/div>\n\t\t\t\t<\/div>\n\t\t<div class=\"elementor-element elementor-element-f112e6a e-con-full e-flex e-con e-child\" data-id=\"f112e6a\" data-element_type=\"container\">\n\t\t<div class=\"elementor-element elementor-element-8bf7999 e-con-full e-flex e-con e-child\" data-id=\"8bf7999\" data-element_type=\"container\" data-settings=\"{&quot;background_background&quot;:&quot;classic&quot;}\">\n\t\t\t\t<\/div>\n\t\t\t\t<div class=\"elementor-element elementor-element-ffe43bb elementor-widget__width-initial elementor-widget elementor-widget-spacer\" data-id=\"ffe43bb\" data-element_type=\"widget\" data-widget_type=\"spacer.default\">\n\t\t\t\t\t\t\t<div class=\"elementor-spacer\">\n\t\t\t<div class=\"elementor-spacer-inner\"><\/div>\n\t\t<\/div>\n\t\t\t\t\t\t<\/div>\n\t\t\t\t<div class=\"elementor-element elementor-element-433cfe4 elementor-widget__width-initial elementor-widget-mobile__width-initial elementor-widget elementor-widget-text-editor\" data-id=\"433cfe4\" data-element_type=\"widget\" data-widget_type=\"text-editor.default\">\n\t\t\t\t\t\t\t\t\t<p>Rodolfo<br \/><em>Barr\u00e1ez<\/em><\/p>\t\t\t\t\t\t\t\t<\/div>\n\t\t\t\t<\/div>\n\t\t<div class=\"elementor-element elementor-element-f9f85da e-con-full e-flex e-con e-child\" data-id=\"f9f85da\" data-element_type=\"container\">\n\t\t<div class=\"elementor-element elementor-element-edb9eeb e-con-full e-flex e-con e-child\" data-id=\"edb9eeb\" data-element_type=\"container\" data-settings=\"{&quot;background_background&quot;:&quot;classic&quot;}\">\n\t\t\t\t<\/div>\n\t\t\t\t<div class=\"elementor-element elementor-element-484e65f elementor-widget__width-initial elementor-widget elementor-widget-spacer\" data-id=\"484e65f\" data-element_type=\"widget\" data-widget_type=\"spacer.default\">\n\t\t\t\t\t\t\t<div class=\"elementor-spacer\">\n\t\t\t<div class=\"elementor-spacer-inner\"><\/div>\n\t\t<\/div>\n\t\t\t\t\t\t<\/div>\n\t\t\t\t<div class=\"elementor-element elementor-element-66b2eac elementor-widget__width-initial elementor-widget-mobile__width-initial elementor-widget elementor-widget-text-editor\" data-id=\"66b2eac\" data-element_type=\"widget\" data-widget_type=\"text-editor.default\">\n\t\t\t\t\t\t\t\t\t<p>David<br \/><em>Crespo L\u00f3pez<\/em><\/p>\t\t\t\t\t\t\t\t<\/div>\n\t\t\t\t<\/div>\n\t\t\t\t<\/div>\n\t\t<div class=\"elementor-element elementor-element-224c4cc e-con-full e-flex e-con e-parent\" data-id=\"224c4cc\" data-element_type=\"container\">\n\t\t<div class=\"elementor-element elementor-element-3824d55 e-con-full e-flex e-con e-child\" data-id=\"3824d55\" data-element_type=\"container\">\n\t\t\t\t<div class=\"elementor-element elementor-element-1e41941 elementor-widget__width-initial elementor-widget-mobile__width-initial elementor-widget-tablet__width-initial elementor-widget elementor-widget-text-editor\" data-id=\"1e41941\" data-element_type=\"widget\" data-widget_type=\"text-editor.default\">\n\t\t\t\t\t\t\t\t\t<p>\u201cTe guiaremos en <em>el camino<\/em> para que alcances<em> tu meta<\/em> en la <em>direcci\u00f3n<\/em> de orquesta\u201d<br \/><span class=\"small-online\">&#8211; Teresa Hern\u00e1ndez &#8211;<\/span><\/p>\t\t\t\t\t\t\t\t<\/div>\n\t\t\t\t<\/div>\n\t\t\t\t<\/div>\n\t\t\t\t<\/div>\n\t\t","protected":false},"excerpt":{"rendered":"<p>Teresa Hern\u00e1ndez Academia de Direcci\u00f3n de Orquesta ClasesmagistralesCON ORQUESTA Mentor\u00edapersonalizadaONLINE Academia Espacio de formaci\u00f3n para directores de orquesta que desean fortalecer y perfeccionar las capacidades necesarias para lograr un excelente desempe\u00f1o en el p\u00f3dium.\u00a0Los directores que forman parte de la Academia reciben un entrenamiento intensivo que les\u00a0permite ganar confianza en s\u00ed mismos y los capacita [&hellip;]<\/p>\n","protected":false},"author":1,"featured_media":8984,"parent":0,"menu_order":0,"comment_status":"closed","ping_status":"closed","template":"page-full-width.php","meta":{"footnotes":""},"class_list":["post-1628","page","type-page","status-publish","has-post-thumbnail","hentry"],"_links":{"self":[{"href":"https:\/\/teresahernandezvega.com\/teresahernandezvega\/index.php\/wp-json\/wp\/v2\/pages\/1628","targetHints":{"allow":["GET"]}}],"collection":[{"href":"https:\/\/teresahernandezvega.com\/teresahernandezvega\/index.php\/wp-json\/wp\/v2\/pages"}],"about":[{"href":"https:\/\/teresahernandezvega.com\/teresahernandezvega\/index.php\/wp-json\/wp\/v2\/types\/page"}],"author":[{"embeddable":true,"href":"https:\/\/teresahernandezvega.com\/teresahernandezvega\/index.php\/wp-json\/wp\/v2\/users\/1"}],"replies":[{"embeddable":true,"href":"https:\/\/teresahernandezvega.com\/teresahernandezvega\/index.php\/wp-json\/wp\/v2\/comments?post=1628"}],"version-history":[{"count":405,"href":"https:\/\/teresahernandezvega.com\/teresahernandezvega\/index.php\/wp-json\/wp\/v2\/pages\/1628\/revisions"}],"predecessor-version":[{"id":10123,"href":"https:\/\/teresahernandezvega.com\/teresahernandezvega\/index.php\/wp-json\/wp\/v2\/pages\/1628\/revisions\/10123"}],"wp:featuredmedia":[{"embeddable":true,"href":"https:\/\/teresahernandezvega.com\/teresahernandezvega\/index.php\/wp-json\/wp\/v2\/media\/8984"}],"wp:attachment":[{"href":"https:\/\/teresahernandezvega.com\/teresahernandezvega\/index.php\/wp-json\/wp\/v2\/media?parent=1628"}],"curies":[{"name":"wp","href":"https:\/\/api.w.org\/{rel}","templated":true}]}}