{"id":9788,"date":"2025-11-16T16:16:08","date_gmt":"2025-11-16T16:16:08","guid":{"rendered":"https:\/\/teresahernandezvega.com\/teresahernandezvega\/?page_id=9788"},"modified":"2025-11-28T07:35:05","modified_gmt":"2025-11-28T07:35:05","slug":"biografia","status":"publish","type":"page","link":"https:\/\/teresahernandezvega.com\/teresahernandezvega\/index.php\/biografia\/","title":{"rendered":"Biograf\u00eda"},"content":{"rendered":"\t\t<div data-elementor-type=\"wp-page\" data-elementor-id=\"9788\" class=\"elementor elementor-9788\" data-elementor-post-type=\"page\">\n\t\t\t\t<div class=\"elementor-element elementor-element-a26a108 e-con-full e-flex e-con e-parent\" data-id=\"a26a108\" data-element_type=\"container\" data-settings=\"{&quot;background_background&quot;:&quot;classic&quot;}\">\n\t\t<div class=\"elementor-element elementor-element-478b941 e-con-full e-flex e-con e-child\" data-id=\"478b941\" data-element_type=\"container\">\n\t\t\t\t<div class=\"elementor-element elementor-element-5c69abf elementor-widget elementor-widget-heading\" data-id=\"5c69abf\" data-element_type=\"widget\" data-widget_type=\"heading.default\">\n\t\t\t\t\t<h1 class=\"elementor-heading-title elementor-size-default\">Biograf\u00eda<\/h1>\t\t\t\t<\/div>\n\t\t\t\t<div class=\"elementor-element elementor-element-2a35c5c elementor-hidden-desktop elementor-hidden-tablet elementor-hidden-mobile elementor-widget elementor-widget-text-editor\" data-id=\"2a35c5c\" data-element_type=\"widget\" data-widget_type=\"text-editor.default\">\n\t\t\t\t\t\t\t\t\t<p>Maestra Teresa Hern\u00e1ndez<\/p>\t\t\t\t\t\t\t\t<\/div>\n\t\t\t\t<\/div>\n\t\t\t\t<\/div>\n\t\t<div class=\"elementor-element elementor-element-a18b83c e-con-full e-flex e-con e-parent\" data-id=\"a18b83c\" data-element_type=\"container\">\n\t\t<div class=\"elementor-element elementor-element-e2cc944 e-con-full e-flex e-con e-child\" data-id=\"e2cc944\" data-element_type=\"container\">\n\t\t\t\t<div class=\"elementor-element elementor-element-8e289b5 elementor-widget__width-initial elementor-widget-mobile__width-initial elementor-widget-tablet__width-initial elementor-widget elementor-widget-text-editor\" data-id=\"8e289b5\" data-element_type=\"widget\" data-widget_type=\"text-editor.default\">\n\t\t\t\t\t\t\t\t\t<p>Teresa<br \/><em>Hern\u00e1ndez<\/em><\/p>\t\t\t\t\t\t\t\t<\/div>\n\t\t\t\t<\/div>\n\t\t<div class=\"elementor-element elementor-element-b242d9d e-con-full e-flex e-con e-child\" data-id=\"b242d9d\" data-element_type=\"container\">\n\t\t<div class=\"elementor-element elementor-element-815eff8 e-con-full e-flex e-con e-child\" data-id=\"815eff8\" data-element_type=\"container\">\n\t\t\t\t<div class=\"elementor-element elementor-element-2ac28f7 elementor-widget-tablet__width-inherit elementor-widget elementor-widget-text-editor\" data-id=\"2ac28f7\" data-element_type=\"widget\" data-widget_type=\"text-editor.default\">\n\t\t\t\t\t\t\t\t\t<p>Graduada del <strong>Royal College of Music<\/strong> en Londres en 1990, <strong>Teresa Hern\u00e1ndez Vega<\/strong> es una directora de orquesta y mentora destacada.<\/p><p>Durante su formaci\u00f3n fue galardonada con los prestigiosos premios <span lang=\"ES\"><strong>\u201cRicordi\u201d<\/strong> y \u201c<strong>Cobett and Hurlestone\u201d.<\/strong> Tuvo la oportunidad <\/span>de estudiar con prestigiosos maestros como Franco Ferrara, Norman Del Mar, Christopher Addey, George Hurst, Jos\u00e9 Antonio Abreu, Gonzalo Castellanos y Eduardo Marturet.<\/p><p>En Venezuela, Teresa Hern\u00e1ndez Vega ha ocupado los cargos de directora art\u00edstica y titular de la <strong>Orquesta Sinf\u00f3nica Falc\u00f3n<\/strong> (2004-2012) y de la <strong>Orquesta Sinf\u00f3nica de Aragua<\/strong> (1990-1999). Adem\u00e1s, como directora invitada, ha colaborado con orquestas sinf\u00f3nicas en <strong>Venezuela, Espa\u00f1a, Londres y la Rep\u00fablica Checa.<\/strong><\/p><p>A lo largo de sus <strong>45 a\u00f1os de carrera<\/strong>\u00a0ha desempe\u00f1ado un papel fundamental en la creaci\u00f3n, organizaci\u00f3n y direcci\u00f3n de orquestas infantiles y juveniles.<\/p><p>En 2009, crea la C\u00e1tedra Integral de Direcci\u00f3n de Orquesta (CIDO) dentro del programa de formaci\u00f3n acad\u00e9mica de <strong>&#8220;El Sistema Venezuela&#8221;. <\/strong>Tras 16 a\u00f1os de labor docente continua con exitosos directores egresados, la CIDO se transform\u00f3 en la <strong>Academia de Direcci\u00f3n de Orquesta Teresa Hern\u00e1ndez,<\/strong> con el prop\u00f3sito de ampliar las oportunidades de formaci\u00f3n intensiva y especializada para directores.<\/p><div><span lang=\"ES\">Teresa Hern\u00e1ndez Vega es <strong>Directora asociada de la Orquesta Comunitaria de Gran Canaria<\/strong><\/span><\/div><p><strong>.<\/strong><\/p>\t\t\t\t\t\t\t\t<\/div>\n\t\t\t\t<\/div>\n\t\t\t\t<\/div>\n\t\t\t\t<\/div>\n\t\t<div class=\"elementor-element elementor-element-ea9d3a5 e-flex e-con-boxed e-con e-parent\" data-id=\"ea9d3a5\" data-element_type=\"container\" data-settings=\"{&quot;background_background&quot;:&quot;gradient&quot;}\">\n\t\t\t\t\t<div class=\"e-con-inner\">\n\t\t\t\t\t<\/div>\n\t\t\t\t<\/div>\n\t\t<div class=\"elementor-element elementor-element-1315b21 e-flex e-con-boxed e-con e-parent\" data-id=\"1315b21\" data-element_type=\"container\" data-settings=\"{&quot;background_background&quot;:&quot;classic&quot;}\">\n\t\t\t\t\t<div class=\"e-con-inner\">\n\t\t\t\t<div class=\"elementor-element elementor-element-8c9d6e1 elementor-widget elementor-widget-video\" data-id=\"8c9d6e1\" data-element_type=\"widget\" data-settings=\"{&quot;youtube_url&quot;:&quot;https:\\\/\\\/youtu.be\\\/PCeZoXg0vPo&quot;,&quot;lazy_load&quot;:&quot;yes&quot;,&quot;show_image_overlay&quot;:&quot;yes&quot;,&quot;image_overlay&quot;:{&quot;url&quot;:&quot;https:\\\/\\\/teresahernandezvega.com\\\/teresahernandezvega\\\/wp-content\\\/uploads\\\/2025\\\/11\\\/Johannes-Brahms-Sinfonia-Teresa-Hernandez-Vega-2.jpg&quot;,&quot;id&quot;:9657,&quot;size&quot;:&quot;&quot;,&quot;alt&quot;:&quot;&quot;,&quot;source&quot;:&quot;library&quot;},&quot;video_type&quot;:&quot;youtube&quot;,&quot;controls&quot;:&quot;yes&quot;}\" data-widget_type=\"video.default\">\n\t\t\t\t\t\t\t<div class=\"elementor-wrapper elementor-open-inline\">\n\t\t\t<div class=\"elementor-video\"><\/div>\t\t\t\t<div class=\"elementor-custom-embed-image-overlay\" style=\"background-image: url(https:\/\/teresahernandezvega.com\/teresahernandezvega\/wp-content\/uploads\/2025\/11\/Johannes-Brahms-Sinfonia-Teresa-Hernandez-Vega-2.jpg);\">\n\t\t\t\t\t\t\t\t\t\t\t\t\t\t\t\t<div class=\"elementor-custom-embed-play\" role=\"button\" aria-label=\"Play Video\" tabindex=\"0\">\n\t\t\t\t\t\t\t<svg aria-hidden=\"true\" class=\"e-font-icon-svg e-eicon-play\" viewBox=\"0 0 1000 1000\" xmlns=\"http:\/\/www.w3.org\/2000\/svg\"><path d=\"M838 162C746 71 633 25 500 25 371 25 258 71 163 162 71 254 25 367 25 500 25 633 71 746 163 837 254 929 367 979 500 979 633 979 746 933 838 837 929 746 975 633 975 500 975 367 929 254 838 162M808 192C892 279 933 379 933 500 933 621 892 725 808 808 725 892 621 938 500 938 379 938 279 896 196 808 113 725 67 621 67 500 67 379 108 279 196 192 279 108 383 62 500 62 621 62 721 108 808 192M438 392V642L642 517 438 392Z\"><\/path><\/svg>\t\t\t\t\t\t<\/div>\n\t\t\t\t\t\t\t\t\t<\/div>\n\t\t\t\t\t<\/div>\n\t\t\t\t\t\t<\/div>\n\t\t\t\t<div class=\"elementor-element elementor-element-56c8def elementor-widget-tablet__width-inherit elementor-widget elementor-widget-text-editor\" data-id=\"56c8def\" data-element_type=\"widget\" data-widget_type=\"text-editor.default\">\n\t\t\t\t\t\t\t\t\t<p>Teresa Hernandez Vega \u2013 Maestra de Maestros<\/p>\t\t\t\t\t\t\t\t<\/div>\n\t\t\t\t\t<\/div>\n\t\t\t\t<\/div>\n\t\t<div class=\"elementor-element elementor-element-5cab2b8 e-flex e-con-boxed e-con e-parent\" data-id=\"5cab2b8\" data-element_type=\"container\">\n\t\t\t\t\t<div class=\"e-con-inner\">\n\t\t\t\t<div class=\"elementor-element elementor-element-afa69a0 elementor-widget__width-initial elementor-widget elementor-widget-image\" data-id=\"afa69a0\" data-element_type=\"widget\" data-settings=\"{&quot;_animation&quot;:&quot;none&quot;}\" data-widget_type=\"image.default\">\n\t\t\t\t\t\t\t\t\t\t\t\t\t\t\t<img fetchpriority=\"high\" decoding=\"async\" width=\"600\" height=\"197\" src=\"https:\/\/teresahernandezvega.com\/teresahernandezvega\/wp-content\/uploads\/2025\/11\/Teresa-Hernandez-Vega-Conductor-stick.png\" class=\"attachment-full size-full wp-image-9286\" alt=\"\" srcset=\"https:\/\/teresahernandezvega.com\/teresahernandezvega\/wp-content\/uploads\/2025\/11\/Teresa-Hernandez-Vega-Conductor-stick.png 600w, https:\/\/teresahernandezvega.com\/teresahernandezvega\/wp-content\/uploads\/2025\/11\/Teresa-Hernandez-Vega-Conductor-stick-300x99.png 300w\" sizes=\"(max-width: 600px) 100vw, 600px\" \/>\t\t\t\t\t\t\t\t\t\t\t\t\t\t\t<\/div>\n\t\t\t\t<div class=\"elementor-element elementor-element-f6c1543 elementor-testimonial--skin-default elementor-testimonial--layout-image_inline elementor-testimonial--align-center elementor-arrows-yes elementor-pagination-type-bullets elementor-widget elementor-widget-testimonial-carousel\" data-id=\"f6c1543\" data-element_type=\"widget\" data-settings=\"{&quot;show_arrows&quot;:&quot;yes&quot;,&quot;pagination&quot;:&quot;bullets&quot;,&quot;speed&quot;:500,&quot;autoplay&quot;:&quot;yes&quot;,&quot;autoplay_speed&quot;:5000,&quot;loop&quot;:&quot;yes&quot;,&quot;pause_on_hover&quot;:&quot;yes&quot;,&quot;pause_on_interaction&quot;:&quot;yes&quot;,&quot;space_between&quot;:{&quot;unit&quot;:&quot;px&quot;,&quot;size&quot;:10,&quot;sizes&quot;:[]},&quot;space_between_tablet&quot;:{&quot;unit&quot;:&quot;px&quot;,&quot;size&quot;:10,&quot;sizes&quot;:[]},&quot;space_between_mobile&quot;:{&quot;unit&quot;:&quot;px&quot;,&quot;size&quot;:10,&quot;sizes&quot;:[]}}\" data-widget_type=\"testimonial-carousel.default\">\n\t\t\t\t\t\t\t\t\t\t<div class=\"elementor-main-swiper swiper\" role=\"region\" aria-roledescription=\"carousel\" aria-label=\"Slides\">\n\t\t\t\t<div class=\"swiper-wrapper\">\n\t\t\t\t\t\t\t\t\t\t\t<div class=\"swiper-slide\" role=\"group\" aria-roledescription=\"slide\">\n\t\t\t\t\t\t\t\t\t<div class=\"elementor-testimonial\">\n\t\t\t\t\t\t\t<div class=\"elementor-testimonial__content\">\n\t\t\t\t\t<div class=\"elementor-testimonial__text\">\n\t\t\t\t\t\t\u201cEst\u00e1 levantando un movimiento noble, honroso, digno del aplauso y del est\u00edmulo de la comunidad venezolana\u201d\t\t\t\t\t<\/div>\n\t\t\t\t\t\t\t\t\t<\/div>\n\t\t\t\t\t\t<div class=\"elementor-testimonial__footer\">\n\t\t\t\t\t\t\t\t<cite class=\"elementor-testimonial__cite\"><span class=\"elementor-testimonial__name\">Maestro Jos\u00e9 Antonio Abreu<\/span><\/cite>\t\t\t<\/div>\n\t\t<\/div>\n\t\t\t\t\t\t\t\t<\/div>\n\t\t\t\t\t\t\t\t\t\t\t<div class=\"swiper-slide\" role=\"group\" aria-roledescription=\"slide\">\n\t\t\t\t\t\t\t\t\t<div class=\"elementor-testimonial\">\n\t\t\t\t\t\t\t<div class=\"elementor-testimonial__content\">\n\t\t\t\t\t<div class=\"elementor-testimonial__text\">\n\t\t\t\t\t\t\u201cSu actividad docente en el campo te\u00f3rico y especialmente en la direcci\u00f3n orquestal ha sido inmensa. Muchos de los j\u00f3venes directores de las nuevas generaciones de venezolanos han estado bajo su tutela y han sido reconocidos tanto en Venezuela como en el extranjero.\u201d\t\t\t\t\t<\/div>\n\t\t\t\t\t\t\t\t\t<\/div>\n\t\t\t\t\t\t<div class=\"elementor-testimonial__footer\">\n\t\t\t\t\t\t\t\t<cite class=\"elementor-testimonial__cite\"><span class=\"elementor-testimonial__name\">Maestro Alfredo Rugeles<\/span><\/cite>\t\t\t<\/div>\n\t\t<\/div>\n\t\t\t\t\t\t\t\t<\/div>\n\t\t\t\t\t\t\t\t\t\t\t<div class=\"swiper-slide\" role=\"group\" aria-roledescription=\"slide\">\n\t\t\t\t\t\t\t\t\t<div class=\"elementor-testimonial\">\n\t\t\t\t\t\t\t<div class=\"elementor-testimonial__content\">\n\t\t\t\t\t<div class=\"elementor-testimonial__text\">\n\t\t\t\t\t\t\"La Maestra Hern\u00e1ndez ha recorrido un largo camino, convirti\u00e9ndose en una de las directoras y profesoras de direcci\u00f3n m\u00e1s respetadas de su generaci\u00f3n\u201d\t\t\t\t\t<\/div>\n\t\t\t\t\t\t\t\t\t<\/div>\n\t\t\t\t\t\t<div class=\"elementor-testimonial__footer\">\n\t\t\t\t\t\t\t\t<cite class=\"elementor-testimonial__cite\"><span class=\"elementor-testimonial__name\">Maestro Eduardo Marturet<\/span><\/cite>\t\t\t<\/div>\n\t\t<\/div>\n\t\t\t\t\t\t\t\t<\/div>\n\t\t\t\t\t\t\t\t\t\t\t<div class=\"swiper-slide\" role=\"group\" aria-roledescription=\"slide\">\n\t\t\t\t\t\t\t\t\t<div class=\"elementor-testimonial\">\n\t\t\t\t\t\t\t<div class=\"elementor-testimonial__content\">\n\t\t\t\t\t<div class=\"elementor-testimonial__text\">\n\t\t\t\t\t\t\u201c\u2026 form\u00f3 a varios j\u00f3venes estudiantes que ahora est\u00e1n en camino de transmitir y continuar la tradici\u00f3n de una direcci\u00f3n orquestal seria y de calidad.\u201d\t\t\t\t\t<\/div>\n\t\t\t\t\t\t\t\t\t<\/div>\n\t\t\t\t\t\t<div class=\"elementor-testimonial__footer\">\n\t\t\t\t\t\t\t\t<cite class=\"elementor-testimonial__cite\"><span class=\"elementor-testimonial__name\">Maestro Eric Col\u00f3n<\/span><\/cite>\t\t\t<\/div>\n\t\t<\/div>\n\t\t\t\t\t\t\t\t<\/div>\n\t\t\t\t\t\t\t\t\t\t\t<div class=\"swiper-slide\" role=\"group\" aria-roledescription=\"slide\">\n\t\t\t\t\t\t\t\t\t<div class=\"elementor-testimonial\">\n\t\t\t\t\t\t\t<div class=\"elementor-testimonial__content\">\n\t\t\t\t\t<div class=\"elementor-testimonial__text\">\n\t\t\t\t\t\t\u201c\u2026he sido testigo de la mejora dram\u00e1tica que muestran las orquestas que Teresa ha dirigido despu\u00e9s de un per\u00edodo muy breve, y del respeto y la admiraci\u00f3n que ha inspirado en sus m\u00fasicos\u201d\t\t\t\t\t<\/div>\n\t\t\t\t\t\t\t\t\t<\/div>\n\t\t\t\t\t\t<div class=\"elementor-testimonial__footer\">\n\t\t\t\t\t\t\t\t<cite class=\"elementor-testimonial__cite\"><span class=\"elementor-testimonial__name\">Maestro Felipe Izcaray<\/span><\/cite>\t\t\t<\/div>\n\t\t<\/div>\n\t\t\t\t\t\t\t\t<\/div>\n\t\t\t\t\t\t\t\t\t<\/div>\n\t\t\t\t\t\t\t\t\t\t\t\t\t\t\t<div class=\"elementor-swiper-button elementor-swiper-button-prev\" role=\"button\" tabindex=\"0\" aria-label=\"Previous\">\n\t\t\t\t\t\t\t<svg aria-hidden=\"true\" class=\"e-font-icon-svg e-eicon-chevron-left\" viewBox=\"0 0 1000 1000\" xmlns=\"http:\/\/www.w3.org\/2000\/svg\"><path d=\"M646 125C629 125 613 133 604 142L308 442C296 454 292 471 292 487 292 504 296 521 308 533L604 854C617 867 629 875 646 875 663 875 679 871 692 858 704 846 713 829 713 812 713 796 708 779 692 767L438 487 692 225C700 217 708 204 708 187 708 171 704 154 692 142 675 129 663 125 646 125Z\"><\/path><\/svg>\t\t\t\t\t\t<\/div>\n\t\t\t\t\t\t<div class=\"elementor-swiper-button elementor-swiper-button-next\" role=\"button\" tabindex=\"0\" aria-label=\"Next\">\n\t\t\t\t\t\t\t<svg aria-hidden=\"true\" class=\"e-font-icon-svg e-eicon-chevron-right\" viewBox=\"0 0 1000 1000\" xmlns=\"http:\/\/www.w3.org\/2000\/svg\"><path d=\"M696 533C708 521 713 504 713 487 713 471 708 454 696 446L400 146C388 133 375 125 354 125 338 125 325 129 313 142 300 154 292 171 292 187 292 204 296 221 308 233L563 492 304 771C292 783 288 800 288 817 288 833 296 850 308 863 321 871 338 875 354 875 371 875 388 867 400 854L696 533Z\"><\/path><\/svg>\t\t\t\t\t\t<\/div>\n\t\t\t\t\t\t\t\t\t\t\t\t\t\t\t\t<div class=\"swiper-pagination\"><\/div>\n\t\t\t\t\t\t\t\t\t\t\t\t<\/div>\n\t\t\t\t\t\t\t\t<\/div>\n\t\t\t\t\t<\/div>\n\t\t\t\t<\/div>\n\t\t<div class=\"elementor-element elementor-element-031a9c7 e-flex e-con-boxed e-con e-parent\" data-id=\"031a9c7\" data-element_type=\"container\">\n\t\t\t\t\t<div class=\"e-con-inner\">\n\t\t\t\t<div class=\"elementor-element elementor-element-14970b6 elementor-widget-divider--view-line_icon elementor-view-default elementor-widget-divider--element-align-center elementor-widget elementor-widget-divider\" data-id=\"14970b6\" data-element_type=\"widget\" data-widget_type=\"divider.default\">\n\t\t\t\t\t\t\t<div class=\"elementor-divider\">\n\t\t\t<span class=\"elementor-divider-separator\">\n\t\t\t\t\t\t\t<div class=\"elementor-icon elementor-divider__element\">\n\t\t\t\t\t<svg xmlns=\"http:\/\/www.w3.org\/2000\/svg\" id=\"Layer_2\" viewBox=\"0 0 31.2 31.92\"><g id=\"Layer_1-2\"><path d=\"M5.69,26.25c-.68,0-1.52-.16-2.51-.47-.99-.31-1.81-.65-2.46-1.02-.65-.37-.86-.61-.64-.72l12.57-7.3.17-.08c.11,0,.24.08.38.25.14.17.18.28.13.34l-6.54,8.66c-.17.23-.54.34-1.1.34ZM1.11,7.99c0-.96.08-1.83.25-2.59.17-.76.34-1.06.51-.89l10.87,9.77c.17.06.2.21.08.47s-.23.35-.34.3l-10.36-3.48c-.68-.23-1.02-1.42-1.02-3.57ZM16.18,1.11c1.1-.51,2.22-.85,3.36-1.02,1.13-.17,1.64-.11,1.53.17l-5.86,13.25c-.06.17-.21.25-.47.25s-.38-.08-.38-.25l.17-10.87c0-.51.55-1.02,1.66-1.53ZM15.21,17.12c.23-.2.37-.24.43-.13l6.29,9c.28.4.13,1.13-.47,2.21-.59,1.08-1.3,2.02-2.12,2.84-.82.82-1.26,1.06-1.32.72l-3.06-14.18c-.06-.11.03-.27.25-.47ZM16.18,15.34c-.08-.25-.07-.41.04-.47l10.45-3.23c.51-.17,1.17.2,2,1.1.82.91,1.5,1.87,2.04,2.89.54,1.02.64,1.53.3,1.53l-14.53-1.44c-.11,0-.21-.13-.3-.38Z\"><\/path><\/g><\/svg><\/div>\n\t\t\t\t\t\t<\/span>\n\t\t<\/div>\n\t\t\t\t\t\t<\/div>\n\t\t\t\t\t<\/div>\n\t\t\t\t<\/div>\n\t\t<div class=\"elementor-element elementor-element-baee4bc e-con-full e-flex e-con e-parent\" data-id=\"baee4bc\" data-element_type=\"container\">\n\t\t<div class=\"elementor-element elementor-element-fdef38a e-con-full e-flex e-con e-child\" data-id=\"fdef38a\" data-element_type=\"container\">\n\t\t\t\t<div class=\"elementor-element elementor-element-b690956 elementor-widget__width-initial elementor-widget-mobile__width-initial elementor-widget-tablet__width-initial elementor-widget elementor-widget-text-editor\" data-id=\"b690956\" data-element_type=\"widget\" data-widget_type=\"text-editor.default\">\n\t\t\t\t\t\t\t\t\t<p>La<i> simplicidad<\/i><\/p><p>es la <em>complejidad<\/em> resuelta<\/p>\t\t\t\t\t\t\t\t<\/div>\n\t\t\t\t<div class=\"elementor-element elementor-element-1da0681 elementor-widget-tablet__width-inherit elementor-widget elementor-widget-text-editor\" data-id=\"1da0681\" data-element_type=\"widget\" data-widget_type=\"text-editor.default\">\n\t\t\t\t\t\t\t\t\t<p>Constantin Br\u00e2ncusi<br \/>(1876 &#8211; 1957)<\/p>\t\t\t\t\t\t\t\t<\/div>\n\t\t\t\t<\/div>\n\t\t<div class=\"elementor-element elementor-element-974a305 e-con-full e-flex e-con e-child\" data-id=\"974a305\" data-element_type=\"container\">\n\t\t<div class=\"elementor-element elementor-element-5d7faaa e-con-full e-flex e-con e-child\" data-id=\"5d7faaa\" data-element_type=\"container\">\n\t\t\t\t<div class=\"elementor-element elementor-element-532a041 elementor-widget-tablet__width-inherit elementor-widget elementor-widget-text-editor\" data-id=\"532a041\" data-element_type=\"widget\" data-widget_type=\"text-editor.default\">\n\t\t\t\t\t\t\t\t\t<p>M\u00e1ndanos un mensaje, ser\u00e1 un placer atenderte<\/p>\t\t\t\t\t\t\t\t<\/div>\n\t\t\t\t<div class=\"elementor-element elementor-element-478b481 elementor-widget elementor-widget-button\" data-id=\"478b481\" data-element_type=\"widget\" data-widget_type=\"button.default\">\n\t\t\t\t\t\t\t\t\t\t<a class=\"elementor-button elementor-button-link elementor-size-sm\" href=\"https:\/\/teresahernandezvega.com\/teresahernandezvega\/index.php\/contacto\/\">\n\t\t\t\t\t\t<span class=\"elementor-button-content-wrapper\">\n\t\t\t\t\t\t\t\t\t<span class=\"elementor-button-text\">CONT\u00c1CTANOS<\/span>\n\t\t\t\t\t<\/span>\n\t\t\t\t\t<\/a>\n\t\t\t\t\t\t\t\t<\/div>\n\t\t\t\t<\/div>\n\t\t\t\t<\/div>\n\t\t\t\t<\/div>\n\t\t\t\t<\/div>\n\t\t","protected":false},"excerpt":{"rendered":"<p>Biograf\u00eda Maestra Teresa Hern\u00e1ndez TeresaHern\u00e1ndez Graduada del Royal College of Music en Londres en 1990, Teresa Hern\u00e1ndez Vega es una directora de orquesta y mentora destacada. Durante su formaci\u00f3n fue galardonada con los prestigiosos premios \u201cRicordi\u201d y \u201cCobett and Hurlestone\u201d. Tuvo la oportunidad de estudiar con prestigiosos maestros como Franco Ferrara, Norman Del Mar, Christopher [&hellip;]<\/p>\n","protected":false},"author":1,"featured_media":0,"parent":0,"menu_order":0,"comment_status":"closed","ping_status":"closed","template":"page-full-width.php","meta":{"footnotes":""},"class_list":["post-9788","page","type-page","status-publish","hentry"],"_links":{"self":[{"href":"https:\/\/teresahernandezvega.com\/teresahernandezvega\/index.php\/wp-json\/wp\/v2\/pages\/9788","targetHints":{"allow":["GET"]}}],"collection":[{"href":"https:\/\/teresahernandezvega.com\/teresahernandezvega\/index.php\/wp-json\/wp\/v2\/pages"}],"about":[{"href":"https:\/\/teresahernandezvega.com\/teresahernandezvega\/index.php\/wp-json\/wp\/v2\/types\/page"}],"author":[{"embeddable":true,"href":"https:\/\/teresahernandezvega.com\/teresahernandezvega\/index.php\/wp-json\/wp\/v2\/users\/1"}],"replies":[{"embeddable":true,"href":"https:\/\/teresahernandezvega.com\/teresahernandezvega\/index.php\/wp-json\/wp\/v2\/comments?post=9788"}],"version-history":[{"count":67,"href":"https:\/\/teresahernandezvega.com\/teresahernandezvega\/index.php\/wp-json\/wp\/v2\/pages\/9788\/revisions"}],"predecessor-version":[{"id":10140,"href":"https:\/\/teresahernandezvega.com\/teresahernandezvega\/index.php\/wp-json\/wp\/v2\/pages\/9788\/revisions\/10140"}],"wp:attachment":[{"href":"https:\/\/teresahernandezvega.com\/teresahernandezvega\/index.php\/wp-json\/wp\/v2\/media?parent=9788"}],"curies":[{"name":"wp","href":"https:\/\/api.w.org\/{rel}","templated":true}]}}