{"id":9887,"date":"2025-11-16T17:37:51","date_gmt":"2025-11-16T17:37:51","guid":{"rendered":"https:\/\/teresahernandezvega.com\/teresahernandezvega\/?page_id=9887"},"modified":"2025-11-28T07:38:06","modified_gmt":"2025-11-28T07:38:06","slug":"contacto","status":"publish","type":"page","link":"https:\/\/teresahernandezvega.com\/teresahernandezvega\/index.php\/contacto\/","title":{"rendered":"Contacto"},"content":{"rendered":"\t\t<div data-elementor-type=\"wp-page\" data-elementor-id=\"9887\" class=\"elementor elementor-9887\" data-elementor-post-type=\"page\">\n\t\t\t\t<div class=\"elementor-element elementor-element-97df78f e-con-full e-flex e-con e-parent\" data-id=\"97df78f\" data-element_type=\"container\" data-settings=\"{&quot;background_background&quot;:&quot;classic&quot;}\">\n\t\t<div class=\"elementor-element elementor-element-9b49713 e-con-full e-flex e-con e-child\" data-id=\"9b49713\" data-element_type=\"container\">\n\t\t\t\t<div class=\"elementor-element elementor-element-4cd14a5 elementor-widget elementor-widget-heading\" data-id=\"4cd14a5\" data-element_type=\"widget\" data-widget_type=\"heading.default\">\n\t\t\t\t\t<h1 class=\"elementor-heading-title elementor-size-default\">Contacto<\/h1>\t\t\t\t<\/div>\n\t\t\t\t<div class=\"elementor-element elementor-element-b428ce0 elementor-hidden-desktop elementor-hidden-tablet elementor-hidden-mobile elementor-widget elementor-widget-text-editor\" data-id=\"b428ce0\" data-element_type=\"widget\" data-widget_type=\"text-editor.default\">\n\t\t\t\t\t\t\t\t\t<p>Maestra Teresa Hern\u00e1ndez<\/p>\t\t\t\t\t\t\t\t<\/div>\n\t\t\t\t<\/div>\n\t\t\t\t<\/div>\n\t\t<div class=\"elementor-element elementor-element-a18b83c e-con-full e-flex e-con e-parent\" data-id=\"a18b83c\" data-element_type=\"container\">\n\t\t<div class=\"elementor-element elementor-element-e2cc944 e-con-full e-flex e-con e-child\" data-id=\"e2cc944\" data-element_type=\"container\">\n\t\t\t\t<div class=\"elementor-element elementor-element-3f2f9e6 elementor-widget__width-initial elementor-widget-mobile__width-initial elementor-widget-tablet__width-initial elementor-widget elementor-widget-text-editor\" data-id=\"3f2f9e6\" data-element_type=\"widget\" data-widget_type=\"text-editor.default\">\n\t\t\t\t\t\t\t\t\t<p>\u00bfQuieres saber m\u00e1s o empezar ya tu formaci\u00f3n?<\/p>\t\t\t\t\t\t\t\t<\/div>\n\t\t\t\t<div class=\"elementor-element elementor-element-e94a75a elementor-widget-tablet__width-inherit elementor-widget elementor-widget-text-editor\" data-id=\"e94a75a\" data-element_type=\"widget\" data-widget_type=\"text-editor.default\">\n\t\t\t\t\t\t\t\t\t<p>Ser\u00e1 un honor atender tus consultas; escr\u00edbenos.<\/p>\t\t\t\t\t\t\t\t<\/div>\n\t\t\t\t<div class=\"elementor-element elementor-element-afa69a0 elementor-widget__width-initial elementor-widget elementor-widget-image\" data-id=\"afa69a0\" data-element_type=\"widget\" data-settings=\"{&quot;_animation&quot;:&quot;none&quot;}\" data-widget_type=\"image.default\">\n\t\t\t\t\t\t\t\t\t\t\t\t\t\t\t<img fetchpriority=\"high\" decoding=\"async\" width=\"600\" height=\"197\" src=\"https:\/\/teresahernandezvega.com\/teresahernandezvega\/wp-content\/uploads\/2025\/11\/Teresa-Hernandez-Vega-Conductor-stick.png\" class=\"attachment-full size-full wp-image-9286\" alt=\"\" srcset=\"https:\/\/teresahernandezvega.com\/teresahernandezvega\/wp-content\/uploads\/2025\/11\/Teresa-Hernandez-Vega-Conductor-stick.png 600w, https:\/\/teresahernandezvega.com\/teresahernandezvega\/wp-content\/uploads\/2025\/11\/Teresa-Hernandez-Vega-Conductor-stick-300x99.png 300w\" sizes=\"(max-width: 600px) 100vw, 600px\" \/>\t\t\t\t\t\t\t\t\t\t\t\t\t\t\t<\/div>\n\t\t\t\t<div class=\"elementor-element elementor-element-cfe3301 elementor-widget elementor-widget-lucrezia_core_icon_list_item\" data-id=\"cfe3301\" data-element_type=\"widget\" data-widget_type=\"lucrezia_core_icon_list_item.default\">\n\t\t\t\t<div class=\"elementor-widget-container\">\n\t\t\t\t\t<div class=\"qodef-icon-list-item qodef-icon--icon-pack\" >\n\t<p class=\"qodef-e-title\" >\n\t\t\t\t\t<a itemprop=\"url\" href=\"https:\/\/w.app\/pdsvcf\" target=\"_self\">\n\t\t\t\t\t<span class=\"qodef-e-title-inner\">\n\t\t\t\t<span class=\"qodef-shortcode qodef-m qodef-icon-holder qodef-layout--normal\"  >\t\t\t<span class=\"qodef-icon-font-awesome fab fa-whatsapp qodef-icon qodef-e\" style=\"font-size: 23px\" ><\/span>\t<\/span>\t\t\t\t<span class=\"qodef-e-title-text\">Tel: +34 605 62 06 82<\/span>\n\t\t\t<\/span>\n\t\t\t\t\t<\/a>\n\t\t\t<\/p>\n<\/div>\n\t\t\t\t<\/div>\n\t\t\t\t<\/div>\n\t\t\t\t<div class=\"elementor-element elementor-element-ffbf451 elementor-widget-tablet__width-inherit elementor-widget elementor-widget-text-editor\" data-id=\"ffbf451\" data-element_type=\"widget\" data-widget_type=\"text-editor.default\">\n\t\t\t\t\t\t\t\t\t<p>Las Palmas de Gran Canaria, Espa\u00f1a<\/p><div>\u00a0<\/div><div><strong>Asistencia a estudiantes<\/strong><br \/><a href=\"mailto:academiathv@gmail.com\">academiathv@gmail.com<\/a><\/div>\t\t\t\t\t\t\t\t<\/div>\n\t\t\t\t<\/div>\n\t\t<div class=\"elementor-element elementor-element-b242d9d e-con-full e-flex e-con e-child\" data-id=\"b242d9d\" data-element_type=\"container\">\n\t\t\t\t<div class=\"elementor-element elementor-element-5ac438a elementor-button-align-start elementor-widget elementor-widget-form\" data-id=\"5ac438a\" data-element_type=\"widget\" data-settings=\"{&quot;step_type&quot;:&quot;number_text&quot;,&quot;step_icon_shape&quot;:&quot;circle&quot;}\" data-widget_type=\"form.default\">\n\t\t\t\t\t\t\t<form class=\"elementor-form\" method=\"post\" name=\"Teresa \" aria-label=\"Teresa \">\n\t\t\t<input type=\"hidden\" name=\"post_id\" value=\"9887\"\/>\n\t\t\t<input type=\"hidden\" name=\"form_id\" value=\"5ac438a\"\/>\n\t\t\t<input type=\"hidden\" name=\"referer_title\" value=\"Contacto\" \/>\n\n\t\t\t\t\t\t\t<input type=\"hidden\" name=\"queried_id\" value=\"9887\"\/>\n\t\t\t\n\t\t\t<div class=\"elementor-form-fields-wrapper elementor-labels-above\">\n\t\t\t\t\t\t\t\t<div class=\"elementor-field-type-text elementor-field-group elementor-column elementor-field-group-name elementor-col-100 elementor-field-required elementor-mark-required\">\n\t\t\t\t\t\t\t\t\t\t\t\t<label for=\"form-field-name\" class=\"elementor-field-label\">\n\t\t\t\t\t\t\t\tNombre y apellido\t\t\t\t\t\t\t<\/label>\n\t\t\t\t\t\t\t\t\t\t\t\t\t\t<input size=\"1\" type=\"text\" name=\"form_fields[name]\" id=\"form-field-name\" class=\"elementor-field elementor-size-sm  elementor-field-textual\" required=\"required\">\n\t\t\t\t\t\t\t\t\t\t\t<\/div>\n\t\t\t\t\t\t\t\t<div class=\"elementor-field-type-email elementor-field-group elementor-column elementor-field-group-email elementor-col-100 elementor-field-required elementor-mark-required\">\n\t\t\t\t\t\t\t\t\t\t\t\t<label for=\"form-field-email\" class=\"elementor-field-label\">\n\t\t\t\t\t\t\t\tCorreo electr\u00f3nico\t\t\t\t\t\t\t<\/label>\n\t\t\t\t\t\t\t\t\t\t\t\t\t\t<input size=\"1\" type=\"email\" name=\"form_fields[email]\" id=\"form-field-email\" class=\"elementor-field elementor-size-sm  elementor-field-textual\" required=\"required\">\n\t\t\t\t\t\t\t\t\t\t\t<\/div>\n\t\t\t\t\t\t\t\t<div class=\"elementor-field-type-textarea elementor-field-group elementor-column elementor-field-group-message elementor-col-100 elementor-field-required elementor-mark-required\">\n\t\t\t\t\t\t\t\t\t\t\t\t<label for=\"form-field-message\" class=\"elementor-field-label\">\n\t\t\t\t\t\t\t\tMensaje\t\t\t\t\t\t\t<\/label>\n\t\t\t\t\t\t<textarea class=\"elementor-field-textual elementor-field  elementor-size-sm\" name=\"form_fields[message]\" id=\"form-field-message\" rows=\"4\" required=\"required\"><\/textarea>\t\t\t\t<\/div>\n\t\t\t\t\t\t\t\t<div class=\"elementor-field-group elementor-column elementor-field-type-submit elementor-col-100 e-form__buttons\">\n\t\t\t\t\t<button class=\"elementor-button elementor-size-sm\" type=\"submit\">\n\t\t\t\t\t\t<span class=\"elementor-button-content-wrapper\">\n\t\t\t\t\t\t\t\t\t\t\t\t\t\t\t\t\t\t\t\t\t\t<span class=\"elementor-button-text\">Enviar<\/span>\n\t\t\t\t\t\t\t\t\t\t\t\t\t<\/span>\n\t\t\t\t\t<\/button>\n\t\t\t\t<\/div>\n\t\t\t<\/div>\n\t\t<\/form>\n\t\t\t\t\t\t<\/div>\n\t\t\t\t<\/div>\n\t\t\t\t<\/div>\n\t\t\t\t<\/div>\n\t\t","protected":false},"excerpt":{"rendered":"<p>Contacto Maestra Teresa Hern\u00e1ndez \u00bfQuieres saber m\u00e1s o empezar ya tu formaci\u00f3n? Ser\u00e1 un honor atender tus consultas; escr\u00edbenos. Tel: +34 605 62 06 82 Las Palmas de Gran Canaria, Espa\u00f1a \u00a0Asistencia a estudiantesacademiathv@gmail.com<\/p>\n","protected":false},"author":1,"featured_media":0,"parent":0,"menu_order":0,"comment_status":"closed","ping_status":"closed","template":"page-full-width.php","meta":{"footnotes":""},"class_list":["post-9887","page","type-page","status-publish","hentry"],"_links":{"self":[{"href":"https:\/\/teresahernandezvega.com\/teresahernandezvega\/index.php\/wp-json\/wp\/v2\/pages\/9887","targetHints":{"allow":["GET"]}}],"collection":[{"href":"https:\/\/teresahernandezvega.com\/teresahernandezvega\/index.php\/wp-json\/wp\/v2\/pages"}],"about":[{"href":"https:\/\/teresahernandezvega.com\/teresahernandezvega\/index.php\/wp-json\/wp\/v2\/types\/page"}],"author":[{"embeddable":true,"href":"https:\/\/teresahernandezvega.com\/teresahernandezvega\/index.php\/wp-json\/wp\/v2\/users\/1"}],"replies":[{"embeddable":true,"href":"https:\/\/teresahernandezvega.com\/teresahernandezvega\/index.php\/wp-json\/wp\/v2\/comments?post=9887"}],"version-history":[{"count":76,"href":"https:\/\/teresahernandezvega.com\/teresahernandezvega\/index.php\/wp-json\/wp\/v2\/pages\/9887\/revisions"}],"predecessor-version":[{"id":10146,"href":"https:\/\/teresahernandezvega.com\/teresahernandezvega\/index.php\/wp-json\/wp\/v2\/pages\/9887\/revisions\/10146"}],"wp:attachment":[{"href":"https:\/\/teresahernandezvega.com\/teresahernandezvega\/index.php\/wp-json\/wp\/v2\/media?parent=9887"}],"curies":[{"name":"wp","href":"https:\/\/api.w.org\/{rel}","templated":true}]}}